{"id":843,"date":"2019-10-24T17:39:38","date_gmt":"2019-10-24T15:39:38","guid":{"rendered":"https:\/\/www.kosmar.mc\/?page_id=843"},"modified":"2022-04-28T16:04:42","modified_gmt":"2022-04-28T14:04:42","slug":"architectural-and-technical-study","status":"publish","type":"page","link":"https:\/\/www.kosmar.mc\/en\/our-activities\/architectural-and-technical-study\/","title":{"rendered":"Architectural and Technical study \u200b"},"content":{"rendered":"\t\t<div data-elementor-type=\"wp-post\" data-elementor-id=\"843\" class=\"elementor elementor-843 elementor-23\">\n\t\t\t\t\t\t<div class=\"elementor-inner\">\n\t\t\t\t<div class=\"elementor-section-wrap\">\n\t\t\t\t\t\t\t\t\t<section class=\"elementor-section elementor-top-section elementor-element elementor-element-b1e7d2b elementor-section-boxed elementor-section-height-default elementor-section-height-default\" data-id=\"b1e7d2b\" data-element_type=\"section\">\n\t\t\t\t\t\t<div class=\"elementor-container elementor-column-gap-default\">\n\t\t\t\t\t\t\t<div class=\"elementor-row\">\n\t\t\t\t\t<div class=\"elementor-column elementor-col-100 elementor-top-column elementor-element elementor-element-1a27ddc\" data-id=\"1a27ddc\" data-element_type=\"column\">\n\t\t\t<div class=\"elementor-column-wrap elementor-element-populated\">\n\t\t\t\t\t\t\t<div class=\"elementor-widget-wrap\">\n\t\t\t\t\t\t<section class=\"elementor-section elementor-inner-section elementor-element elementor-element-cf6fdcc elementor-section-boxed elementor-section-height-default elementor-section-height-default elementor-invisible\" data-id=\"cf6fdcc\" data-element_type=\"section\" data-settings=\"{&quot;animation&quot;:&quot;fadeIn&quot;}\">\n\t\t\t\t\t\t<div class=\"elementor-container elementor-column-gap-default\">\n\t\t\t\t\t\t\t<div class=\"elementor-row\">\n\t\t\t\t\t<div class=\"elementor-column elementor-col-50 elementor-inner-column elementor-element elementor-element-8d4f06b\" data-id=\"8d4f06b\" data-element_type=\"column\">\n\t\t\t<div class=\"elementor-column-wrap elementor-element-populated\">\n\t\t\t\t\t\t\t<div class=\"elementor-widget-wrap\">\n\t\t\t\t\t\t<div class=\"elementor-element elementor-element-7e99e27 elementor-widget elementor-widget-text-editor\" data-id=\"7e99e27\" data-element_type=\"widget\" data-widget_type=\"text-editor.default\">\n\t\t\t\t<div class=\"elementor-widget-container\">\n\t\t\t\t\t\t\t\t<div class=\"elementor-text-editor elementor-clearfix\">\n\t\t\t\t<p style=\"margin-bottom: 0px;\">NOTRE EXPERTISE<\/p>\n\t\t\t\t\t<\/div>\n\t\t\t\t\t\t<\/div>\n\t\t\t\t<\/div>\n\t\t\t\t<div class=\"elementor-element elementor-element-f4545a0 elementor-widget-divider--view-line elementor-widget elementor-widget-divider\" data-id=\"f4545a0\" data-element_type=\"widget\" data-widget_type=\"divider.default\">\n\t\t\t\t<div class=\"elementor-widget-container\">\n\t\t\t\t\t<div class=\"elementor-divider\">\n\t\t\t<span class=\"elementor-divider-separator\">\n\t\t\t\t\t\t<\/span>\n\t\t<\/div>\n\t\t\t\t<\/div>\n\t\t\t\t<\/div>\n\t\t\t\t<div class=\"elementor-element elementor-element-0fba230 elementor-widget elementor-widget-heading\" data-id=\"0fba230\" data-element_type=\"widget\" data-widget_type=\"heading.default\">\n\t\t\t\t<div class=\"elementor-widget-container\">\n\t\t\t<h2 class=\"elementor-heading-title elementor-size-default\">\u00c9tudes<\/h2>\t\t<\/div>\n\t\t\t\t<\/div>\n\t\t\t\t\t\t<\/div>\n\t\t\t\t\t<\/div>\n\t\t<\/div>\n\t\t\t\t<div class=\"elementor-column elementor-col-50 elementor-inner-column elementor-element elementor-element-19eae5c\" data-id=\"19eae5c\" data-element_type=\"column\">\n\t\t\t<div class=\"elementor-column-wrap elementor-element-populated\">\n\t\t\t\t\t\t\t<div class=\"elementor-widget-wrap\">\n\t\t\t\t\t\t<div class=\"elementor-element elementor-element-4a49741 elementor-widget elementor-widget-text-editor\" data-id=\"4a49741\" data-element_type=\"widget\" data-widget_type=\"text-editor.default\">\n\t\t\t\t<div class=\"elementor-widget-container\">\n\t\t\t\t\t\t\t\t<div class=\"elementor-text-editor elementor-clearfix\">\n\t\t\t\t<p>KOSMAR propose la r\u00e9alisation d&#8217;une \u00e9tude de faisabilit\u00e9 ainsi qu&#8217;une \u00e9tude financi\u00e8re de votre projet.<\/p>\t\t\t\t\t<\/div>\n\t\t\t\t\t\t<\/div>\n\t\t\t\t<\/div>\n\t\t\t\t\t\t<\/div>\n\t\t\t\t\t<\/div>\n\t\t<\/div>\n\t\t\t\t\t\t\t\t<\/div>\n\t\t\t\t\t<\/div>\n\t\t<\/section>\n\t\t\t\t\t\t<\/div>\n\t\t\t\t\t<\/div>\n\t\t<\/div>\n\t\t\t\t\t\t\t\t<\/div>\n\t\t\t\t\t<\/div>\n\t\t<\/section>\n\t\t\t\t<section class=\"elementor-section elementor-top-section elementor-element elementor-element-3a72d8a elementor-section-full_width elementor-section-height-default elementor-section-height-default\" data-id=\"3a72d8a\" data-element_type=\"section\">\n\t\t\t\t\t\t<div class=\"elementor-container elementor-column-gap-default\">\n\t\t\t\t\t\t\t<div class=\"elementor-row\">\n\t\t\t\t\t<div class=\"elementor-column elementor-col-25 elementor-top-column elementor-element elementor-element-0c4f1be elementor-invisible\" data-id=\"0c4f1be\" data-element_type=\"column\" data-settings=\"{&quot;background_background&quot;:&quot;classic&quot;,&quot;animation&quot;:&quot;fadeIn&quot;,&quot;animation_delay&quot;:500}\">\n\t\t\t<div class=\"elementor-column-wrap elementor-element-populated\">\n\t\t\t\t\t\t\t<div class=\"elementor-widget-wrap\">\n\t\t\t\t\t\t<div class=\"elementor-element elementor-element-b9dd8d1 elementor-widget elementor-widget-image\" data-id=\"b9dd8d1\" data-element_type=\"widget\" data-widget_type=\"image.default\">\n\t\t\t\t<div class=\"elementor-widget-container\">\n\t\t\t\t\t\t\t\t<div class=\"elementor-image\">\n\t\t\t\t\t\t\t\t\t\t\t\t<img width=\"1\" height=\"1\" src=\"https:\/\/www.kosmar.mc\/wp-content\/uploads\/2019\/07\/1875128.svg\" class=\"attachment-large size-large\" alt=\"\" loading=\"lazy\" \/>\t\t\t\t\t\t\t\t\t\t\t\t\t\t<\/div>\n\t\t\t\t\t\t<\/div>\n\t\t\t\t<\/div>\n\t\t\t\t<div class=\"elementor-element elementor-element-6ceb79b elementor-widget elementor-widget-heading\" data-id=\"6ceb79b\" data-element_type=\"widget\" data-widget_type=\"heading.default\">\n\t\t\t\t<div class=\"elementor-widget-container\">\n\t\t\t<h3 class=\"elementor-heading-title elementor-size-default\">Cl\u00e9 en main<\/h3>\t\t<\/div>\n\t\t\t\t<\/div>\n\t\t\t\t<div class=\"elementor-element elementor-element-81be9aa elementor-align-center elementor-widget elementor-widget-button\" data-id=\"81be9aa\" data-element_type=\"widget\" data-widget_type=\"button.default\">\n\t\t\t\t<div class=\"elementor-widget-container\">\n\t\t\t\t\t<div class=\"elementor-button-wrapper\">\n\t\t\t<a href=\"https:\/\/www.kosmar.mc\/en\/our-activities\/turnkey\/\" class=\"elementor-button-link elementor-button elementor-size-sm\" role=\"button\">\n\t\t\t\t\t\t<span class=\"elementor-button-content-wrapper\">\n\t\t\t\t\t\t\t<span class=\"elementor-button-icon elementor-align-icon-right\">\n\t\t\t\t\t\t\t\t\t<i class=\"fa fa-long-arrow-right\" aria-hidden=\"true\"><\/i>\n\t\t\t\t\t\t\t<\/span>\n\t\t\t\t\t\t<span class=\"elementor-button-text\">D\u00e9couvrir<\/span>\n\t\t<\/span>\n\t\t\t\t\t<\/a>\n\t\t<\/div>\n\t\t\t\t<\/div>\n\t\t\t\t<\/div>\n\t\t\t\t\t\t<\/div>\n\t\t\t\t\t<\/div>\n\t\t<\/div>\n\t\t\t\t<div class=\"elementor-column elementor-col-25 elementor-top-column elementor-element elementor-element-8ad1739 elementor-invisible\" data-id=\"8ad1739\" data-element_type=\"column\" data-settings=\"{&quot;background_background&quot;:&quot;classic&quot;,&quot;animation&quot;:&quot;fadeIn&quot;,&quot;animation_delay&quot;:500}\">\n\t\t\t<div class=\"elementor-column-wrap elementor-element-populated\">\n\t\t\t\t\t\t\t<div class=\"elementor-widget-wrap\">\n\t\t\t\t\t\t<div class=\"elementor-element elementor-element-68d6700 elementor-widget elementor-widget-image\" data-id=\"68d6700\" data-element_type=\"widget\" data-widget_type=\"image.default\">\n\t\t\t\t<div class=\"elementor-widget-container\">\n\t\t\t\t\t\t\t\t<div class=\"elementor-image\">\n\t\t\t\t\t\t\t\t\t\t\t\t<img width=\"1\" height=\"1\" src=\"https:\/\/www.kosmar.mc\/wp-content\/uploads\/2019\/07\/79799.svg\" class=\"attachment-large size-large\" alt=\"\" loading=\"lazy\" \/>\t\t\t\t\t\t\t\t\t\t\t\t\t\t<\/div>\n\t\t\t\t\t\t<\/div>\n\t\t\t\t<\/div>\n\t\t\t\t<div class=\"elementor-element elementor-element-1d6a83f elementor-widget elementor-widget-heading\" data-id=\"1d6a83f\" data-element_type=\"widget\" data-widget_type=\"heading.default\">\n\t\t\t\t<div class=\"elementor-widget-container\">\n\t\t\t<h3 class=\"elementor-heading-title elementor-size-default\">\u00c9tude technique<\/h3>\t\t<\/div>\n\t\t\t\t<\/div>\n\t\t\t\t<div class=\"elementor-element elementor-element-a310a7a elementor-align-center elementor-widget elementor-widget-button\" data-id=\"a310a7a\" data-element_type=\"widget\" data-widget_type=\"button.default\">\n\t\t\t\t<div class=\"elementor-widget-container\">\n\t\t\t\t\t<div class=\"elementor-button-wrapper\">\n\t\t\t<a href=\"https:\/\/www.kosmar.mc\/en\/our-activities\/architectural-and-technical-study%e2%80%8b\/\" class=\"elementor-button-link elementor-button elementor-size-sm\" role=\"button\">\n\t\t\t\t\t\t<span class=\"elementor-button-content-wrapper\">\n\t\t\t\t\t\t\t<span class=\"elementor-button-icon elementor-align-icon-right\">\n\t\t\t\t<i aria-hidden=\"true\" class=\"fas fa-long-arrow-alt-right\"><\/i>\t\t\t<\/span>\n\t\t\t\t\t\t<span class=\"elementor-button-text\">D\u00e9couvrir<\/span>\n\t\t<\/span>\n\t\t\t\t\t<\/a>\n\t\t<\/div>\n\t\t\t\t<\/div>\n\t\t\t\t<\/div>\n\t\t\t\t\t\t<\/div>\n\t\t\t\t\t<\/div>\n\t\t<\/div>\n\t\t\t\t<div class=\"elementor-column elementor-col-25 elementor-top-column elementor-element elementor-element-5363e1d elementor-invisible\" data-id=\"5363e1d\" data-element_type=\"column\" data-settings=\"{&quot;background_background&quot;:&quot;classic&quot;,&quot;animation&quot;:&quot;fadeIn&quot;,&quot;animation_delay&quot;:500}\">\n\t\t\t<div class=\"elementor-column-wrap elementor-element-populated\">\n\t\t\t\t\t\t\t<div class=\"elementor-widget-wrap\">\n\t\t\t\t\t\t<div class=\"elementor-element elementor-element-8905e0f elementor-widget elementor-widget-image\" data-id=\"8905e0f\" data-element_type=\"widget\" data-widget_type=\"image.default\">\n\t\t\t\t<div class=\"elementor-widget-container\">\n\t\t\t\t\t\t\t\t<div class=\"elementor-image\">\n\t\t\t\t\t\t\t\t\t\t\t\t<img width=\"1\" height=\"1\" src=\"https:\/\/www.kosmar.mc\/wp-content\/uploads\/2019\/07\/1372556.svg\" class=\"attachment-large size-large\" alt=\"\" loading=\"lazy\" \/>\t\t\t\t\t\t\t\t\t\t\t\t\t\t<\/div>\n\t\t\t\t\t\t<\/div>\n\t\t\t\t<\/div>\n\t\t\t\t<div class=\"elementor-element elementor-element-e6e5da7 elementor-widget elementor-widget-heading\" data-id=\"e6e5da7\" data-element_type=\"widget\" data-widget_type=\"heading.default\">\n\t\t\t\t<div class=\"elementor-widget-container\">\n\t\t\t<h3 class=\"elementor-heading-title elementor-size-default\">Management de projet<\/h3>\t\t<\/div>\n\t\t\t\t<\/div>\n\t\t\t\t<div class=\"elementor-element elementor-element-57cd8e7 elementor-align-center elementor-widget elementor-widget-button\" data-id=\"57cd8e7\" data-element_type=\"widget\" data-widget_type=\"button.default\">\n\t\t\t\t<div class=\"elementor-widget-container\">\n\t\t\t\t\t<div class=\"elementor-button-wrapper\">\n\t\t\t<a href=\"https:\/\/www.kosmar.mc\/en\/our-activities\/project-management\/\" class=\"elementor-button-link elementor-button elementor-size-sm\" role=\"button\">\n\t\t\t\t\t\t<span class=\"elementor-button-content-wrapper\">\n\t\t\t\t\t\t\t<span class=\"elementor-button-icon elementor-align-icon-right\">\n\t\t\t\t<i aria-hidden=\"true\" class=\"fas fa-long-arrow-alt-right\"><\/i>\t\t\t<\/span>\n\t\t\t\t\t\t<span class=\"elementor-button-text\">D\u00e9couvrir<\/span>\n\t\t<\/span>\n\t\t\t\t\t<\/a>\n\t\t<\/div>\n\t\t\t\t<\/div>\n\t\t\t\t<\/div>\n\t\t\t\t\t\t<\/div>\n\t\t\t\t\t<\/div>\n\t\t<\/div>\n\t\t\t\t<div class=\"elementor-column elementor-col-25 elementor-top-column elementor-element elementor-element-be00ea1 elementor-invisible\" data-id=\"be00ea1\" data-element_type=\"column\" data-settings=\"{&quot;background_background&quot;:&quot;classic&quot;,&quot;animation&quot;:&quot;fadeIn&quot;,&quot;animation_delay&quot;:500}\">\n\t\t\t<div class=\"elementor-column-wrap elementor-element-populated\">\n\t\t\t\t\t\t\t<div class=\"elementor-widget-wrap\">\n\t\t\t\t\t\t<div class=\"elementor-element elementor-element-2986418 elementor-widget elementor-widget-image\" data-id=\"2986418\" data-element_type=\"widget\" data-widget_type=\"image.default\">\n\t\t\t\t<div class=\"elementor-widget-container\">\n\t\t\t\t\t\t\t\t<div class=\"elementor-image\">\n\t\t\t\t\t\t\t\t\t\t\t\t<img width=\"1\" height=\"1\" src=\"https:\/\/www.kosmar.mc\/wp-content\/uploads\/2019\/07\/1283342.svg\" class=\"attachment-large size-large\" alt=\"\" loading=\"lazy\" \/>\t\t\t\t\t\t\t\t\t\t\t\t\t\t<\/div>\n\t\t\t\t\t\t<\/div>\n\t\t\t\t<\/div>\n\t\t\t\t<div class=\"elementor-element elementor-element-86080a2 elementor-widget elementor-widget-heading\" data-id=\"86080a2\" data-element_type=\"widget\" data-widget_type=\"heading.default\">\n\t\t\t\t<div class=\"elementor-widget-container\">\n\t\t\t<h3 class=\"elementor-heading-title elementor-size-default\">Travaux d'am\u00e9nagement<\/h3>\t\t<\/div>\n\t\t\t\t<\/div>\n\t\t\t\t<div class=\"elementor-element elementor-element-2679371 elementor-align-center elementor-widget elementor-widget-button\" data-id=\"2679371\" data-element_type=\"widget\" data-widget_type=\"button.default\">\n\t\t\t\t<div class=\"elementor-widget-container\">\n\t\t\t\t\t<div class=\"elementor-button-wrapper\">\n\t\t\t<a href=\"https:\/\/www.kosmar.mc\/en\/our-activities\/interior-design-works\/\" class=\"elementor-button-link elementor-button elementor-size-sm\" role=\"button\">\n\t\t\t\t\t\t<span class=\"elementor-button-content-wrapper\">\n\t\t\t\t\t\t\t<span class=\"elementor-button-icon elementor-align-icon-right\">\n\t\t\t\t<i aria-hidden=\"true\" class=\"fas fa-long-arrow-alt-right\"><\/i>\t\t\t<\/span>\n\t\t\t\t\t\t<span class=\"elementor-button-text\">D\u00e9couvrir<\/span>\n\t\t<\/span>\n\t\t\t\t\t<\/a>\n\t\t<\/div>\n\t\t\t\t<\/div>\n\t\t\t\t<\/div>\n\t\t\t\t\t\t<\/div>\n\t\t\t\t\t<\/div>\n\t\t<\/div>\n\t\t\t\t\t\t\t\t<\/div>\n\t\t\t\t\t<\/div>\n\t\t<\/section>\n\t\t\t\t\t\t\t\t\t<\/div>\n\t\t\t<\/div>\n\t\t\t\t\t<\/div>\n\t\t","protected":false},"excerpt":{"rendered":"<p>NOTRE EXPERTISE \u00c9tudes KOSMAR propose la r\u00e9alisation d&#8217;une \u00e9tude de faisabilit\u00e9 ainsi qu&#8217;une \u00e9tude financi\u00e8re de votre projet. Cl\u00e9 en main D\u00e9couvrir \u00c9tude technique D\u00e9couvrir Management de projet D\u00e9couvrir Travaux d&#8217;am\u00e9nagement D\u00e9couvrir<\/p>\n","protected":false},"author":1,"featured_media":0,"parent":831,"menu_order":0,"comment_status":"closed","ping_status":"closed","template":"elementor_header_footer","meta":[],"yoast_head":"<!-- This site is optimized with the Yoast SEO plugin v18.7 - https:\/\/yoast.com\/wordpress\/plugins\/seo\/ -->\n<title>Architectural and Technical Study in Monaco and Paris by KOSMAR<\/title>\n<meta name=\"description\" content=\"At this stage, the rules of the game have been defined with our designers, our architects will take the hand to adapt this concept in an environment by inserting the technical and regulatory constraints.\" \/>\n<meta name=\"robots\" content=\"index, follow, max-snippet:-1, max-image-preview:large, max-video-preview:-1\" \/>\n<link rel=\"canonical\" href=\"https:\/\/www.kosmar.mc\/en\/our-activities\/architectural-and-technical-study\/\" \/>\n<meta property=\"og:locale\" content=\"en_US\" \/>\n<meta property=\"og:type\" content=\"article\" \/>\n<meta property=\"og:title\" content=\"Architectural and Technical Study in Monaco and Paris by KOSMAR\" \/>\n<meta property=\"og:description\" content=\"At this stage, the rules of the game have been defined with our designers, our architects will take the hand to adapt this concept in an environment by inserting the technical and regulatory constraints.\" \/>\n<meta property=\"og:url\" content=\"https:\/\/www.kosmar.mc\/en\/our-activities\/architectural-and-technical-study\/\" \/>\n<meta property=\"og:site_name\" content=\"Kosmar - Design &amp; Build\" \/>\n<meta property=\"article:modified_time\" content=\"2022-04-28T14:04:42+00:00\" \/>\n<meta property=\"og:image\" content=\"https:\/\/www.kosmar.mc\/wp-content\/uploads\/2019\/07\/1875128.svg\" \/>\n<meta name=\"twitter:card\" content=\"summary_large_image\" \/>\n<meta name=\"twitter:label1\" content=\"Est. reading time\" \/>\n\t<meta name=\"twitter:data1\" content=\"1 minute\" \/>\n<script type=\"application\/ld+json\" class=\"yoast-schema-graph\">{\"@context\":\"https:\/\/schema.org\",\"@graph\":[{\"@type\":\"WebSite\",\"@id\":\"https:\/\/www.kosmar.mc\/#website\",\"url\":\"https:\/\/www.kosmar.mc\/\",\"name\":\"Kosmar - Design &amp; Build\",\"description\":\"\",\"potentialAction\":[{\"@type\":\"SearchAction\",\"target\":{\"@type\":\"EntryPoint\",\"urlTemplate\":\"https:\/\/www.kosmar.mc\/?s={search_term_string}\"},\"query-input\":\"required name=search_term_string\"}],\"inLanguage\":\"en-US\"},{\"@type\":\"ImageObject\",\"inLanguage\":\"en-US\",\"@id\":\"https:\/\/www.kosmar.mc\/en\/our-activities\/architectural-and-technical-study\/#primaryimage\",\"url\":\"https:\/\/www.kosmar.mc\/wp-content\/uploads\/2019\/07\/1875128.svg\",\"contentUrl\":\"https:\/\/www.kosmar.mc\/wp-content\/uploads\/2019\/07\/1875128.svg\"},{\"@type\":\"WebPage\",\"@id\":\"https:\/\/www.kosmar.mc\/en\/our-activities\/architectural-and-technical-study\/#webpage\",\"url\":\"https:\/\/www.kosmar.mc\/en\/our-activities\/architectural-and-technical-study\/\",\"name\":\"Architectural and Technical Study in Monaco and Paris by KOSMAR\",\"isPartOf\":{\"@id\":\"https:\/\/www.kosmar.mc\/#website\"},\"primaryImageOfPage\":{\"@id\":\"https:\/\/www.kosmar.mc\/en\/our-activities\/architectural-and-technical-study\/#primaryimage\"},\"datePublished\":\"2019-10-24T15:39:38+00:00\",\"dateModified\":\"2022-04-28T14:04:42+00:00\",\"description\":\"At this stage, the rules of the game have been defined with our designers, our architects will take the hand to adapt this concept in an environment by inserting the technical and regulatory constraints.\",\"breadcrumb\":{\"@id\":\"https:\/\/www.kosmar.mc\/en\/our-activities\/architectural-and-technical-study\/#breadcrumb\"},\"inLanguage\":\"en-US\",\"potentialAction\":[{\"@type\":\"ReadAction\",\"target\":[\"https:\/\/www.kosmar.mc\/en\/our-activities\/architectural-and-technical-study\/\"]}]},{\"@type\":\"BreadcrumbList\",\"@id\":\"https:\/\/www.kosmar.mc\/en\/our-activities\/architectural-and-technical-study\/#breadcrumb\",\"itemListElement\":[{\"@type\":\"ListItem\",\"position\":1,\"name\":\"Accueil\",\"item\":\"https:\/\/www.kosmar.mc\/en\/\"},{\"@type\":\"ListItem\",\"position\":2,\"name\":\"Our activities\",\"item\":\"https:\/\/www.kosmar.mc\/en\/our-activities\/\"},{\"@type\":\"ListItem\",\"position\":3,\"name\":\"Architectural and Technical study \u200b\"}]}]}<\/script>\n<!-- \/ Yoast SEO plugin. -->","yoast_head_json":{"title":"Architectural and Technical Study in Monaco and Paris by KOSMAR","description":"At this stage, the rules of the game have been defined with our designers, our architects will take the hand to adapt this concept in an environment by inserting the technical and regulatory constraints.","robots":{"index":"index","follow":"follow","max-snippet":"max-snippet:-1","max-image-preview":"max-image-preview:large","max-video-preview":"max-video-preview:-1"},"canonical":"https:\/\/www.kosmar.mc\/en\/our-activities\/architectural-and-technical-study\/","og_locale":"en_US","og_type":"article","og_title":"Architectural and Technical Study in Monaco and Paris by KOSMAR","og_description":"At this stage, the rules of the game have been defined with our designers, our architects will take the hand to adapt this concept in an environment by inserting the technical and regulatory constraints.","og_url":"https:\/\/www.kosmar.mc\/en\/our-activities\/architectural-and-technical-study\/","og_site_name":"Kosmar - Design &amp; Build","article_modified_time":"2022-04-28T14:04:42+00:00","og_image":[{"url":"https:\/\/www.kosmar.mc\/wp-content\/uploads\/2019\/07\/1875128.svg"}],"twitter_card":"summary_large_image","twitter_misc":{"Est. reading time":"1 minute"},"schema":{"@context":"https:\/\/schema.org","@graph":[{"@type":"WebSite","@id":"https:\/\/www.kosmar.mc\/#website","url":"https:\/\/www.kosmar.mc\/","name":"Kosmar - Design &amp; Build","description":"","potentialAction":[{"@type":"SearchAction","target":{"@type":"EntryPoint","urlTemplate":"https:\/\/www.kosmar.mc\/?s={search_term_string}"},"query-input":"required name=search_term_string"}],"inLanguage":"en-US"},{"@type":"ImageObject","inLanguage":"en-US","@id":"https:\/\/www.kosmar.mc\/en\/our-activities\/architectural-and-technical-study\/#primaryimage","url":"https:\/\/www.kosmar.mc\/wp-content\/uploads\/2019\/07\/1875128.svg","contentUrl":"https:\/\/www.kosmar.mc\/wp-content\/uploads\/2019\/07\/1875128.svg"},{"@type":"WebPage","@id":"https:\/\/www.kosmar.mc\/en\/our-activities\/architectural-and-technical-study\/#webpage","url":"https:\/\/www.kosmar.mc\/en\/our-activities\/architectural-and-technical-study\/","name":"Architectural and Technical Study in Monaco and Paris by KOSMAR","isPartOf":{"@id":"https:\/\/www.kosmar.mc\/#website"},"primaryImageOfPage":{"@id":"https:\/\/www.kosmar.mc\/en\/our-activities\/architectural-and-technical-study\/#primaryimage"},"datePublished":"2019-10-24T15:39:38+00:00","dateModified":"2022-04-28T14:04:42+00:00","description":"At this stage, the rules of the game have been defined with our designers, our architects will take the hand to adapt this concept in an environment by inserting the technical and regulatory constraints.","breadcrumb":{"@id":"https:\/\/www.kosmar.mc\/en\/our-activities\/architectural-and-technical-study\/#breadcrumb"},"inLanguage":"en-US","potentialAction":[{"@type":"ReadAction","target":["https:\/\/www.kosmar.mc\/en\/our-activities\/architectural-and-technical-study\/"]}]},{"@type":"BreadcrumbList","@id":"https:\/\/www.kosmar.mc\/en\/our-activities\/architectural-and-technical-study\/#breadcrumb","itemListElement":[{"@type":"ListItem","position":1,"name":"Accueil","item":"https:\/\/www.kosmar.mc\/en\/"},{"@type":"ListItem","position":2,"name":"Our activities","item":"https:\/\/www.kosmar.mc\/en\/our-activities\/"},{"@type":"ListItem","position":3,"name":"Architectural and Technical study \u200b"}]}]}},"_links":{"self":[{"href":"https:\/\/www.kosmar.mc\/en\/wp-json\/wp\/v2\/pages\/843"}],"collection":[{"href":"https:\/\/www.kosmar.mc\/en\/wp-json\/wp\/v2\/pages"}],"about":[{"href":"https:\/\/www.kosmar.mc\/en\/wp-json\/wp\/v2\/types\/page"}],"author":[{"embeddable":true,"href":"https:\/\/www.kosmar.mc\/en\/wp-json\/wp\/v2\/users\/1"}],"replies":[{"embeddable":true,"href":"https:\/\/www.kosmar.mc\/en\/wp-json\/wp\/v2\/comments?post=843"}],"version-history":[{"count":8,"href":"https:\/\/www.kosmar.mc\/en\/wp-json\/wp\/v2\/pages\/843\/revisions"}],"predecessor-version":[{"id":1328,"href":"https:\/\/www.kosmar.mc\/en\/wp-json\/wp\/v2\/pages\/843\/revisions\/1328"}],"up":[{"embeddable":true,"href":"https:\/\/www.kosmar.mc\/en\/wp-json\/wp\/v2\/pages\/831"}],"wp:attachment":[{"href":"https:\/\/www.kosmar.mc\/en\/wp-json\/wp\/v2\/media?parent=843"}],"curies":[{"name":"wp","href":"https:\/\/api.w.org\/{rel}","templated":true}]}}